{"id":115,"date":"2016-07-09T09:11:51","date_gmt":"2016-07-09T08:11:51","guid":{"rendered":"http:\/\/www.coolaltitude-cycles.com\/?page_id=115"},"modified":"2024-04-10T21:04:10","modified_gmt":"2024-04-10T20:04:10","slug":"les-bonnes-affaires","status":"publish","type":"page","link":"https:\/\/www.coolaltitude-cycles.com\/index.php\/les-bonnes-affaires\/","title":{"rendered":"Les bonnes affaires"},"content":{"rendered":"<p style=\"text-align: center;\">Ici vous trouverez les promos, les op\u00e9rations sp\u00e9ciales, profitez en !!!<\/p>\n<p style=\"text-align: center;\">Vous trouverez aussi quelques accessoires et \u00e9quipements \u00e0 prix tr\u00e8s int\u00e9ressant.<\/p>\n<p style=\"text-align: center;\">VAE STEVENS E-LAVENA PT5 lady taille 54 Batterie powertube 500Wh moteur 65Nm BOSCH G3 Performance Line Cruise Prix 3649\u20ac en d\u00e9stockage \u00e0 <strong><span style=\"color: #ff0000;\">2690<\/span><\/strong>\u20ac<\/p>\n<p><img loading=\"lazy\" class=\"size-medium wp-image-766 aligncenter\" src=\"http:\/\/www.coolaltitude-cycles.com\/wp-content\/uploads\/2024\/04\/e-lavena_pt5_lady_22_50_stealth_black_my22-300x180.jpg\" alt=\"\" width=\"300\" height=\"180\" srcset=\"https:\/\/www.coolaltitude-cycles.com\/wp-content\/uploads\/2024\/04\/e-lavena_pt5_lady_22_50_stealth_black_my22-300x180.jpg 300w, https:\/\/www.coolaltitude-cycles.com\/wp-content\/uploads\/2024\/04\/e-lavena_pt5_lady_22_50_stealth_black_my22-768x460.jpg 768w, https:\/\/www.coolaltitude-cycles.com\/wp-content\/uploads\/2024\/04\/e-lavena_pt5_lady_22_50_stealth_black_my22-570x342.jpg 570w, https:\/\/www.coolaltitude-cycles.com\/wp-content\/uploads\/2024\/04\/e-lavena_pt5_lady_22_50_stealth_black_my22.jpg 834w\" sizes=\"(max-width: 300px) 100vw, 300px\" \/><\/p>\n<p style=\"text-align: center;\"><strong>PROMO sur les lunettes JULBO en stock magasin -30% !!!<br \/>\n<\/strong><\/p>\n<p><img loading=\"lazy\" class=\"size-medium wp-image-707 aligncenter\" src=\"http:\/\/www.coolaltitude-cycles.com\/wp-content\/uploads\/2020\/08\/julbo_rush-300x134.jpg\" alt=\"\" width=\"300\" height=\"134\" srcset=\"https:\/\/www.coolaltitude-cycles.com\/wp-content\/uploads\/2020\/08\/julbo_rush-300x134.jpg 300w, https:\/\/www.coolaltitude-cycles.com\/wp-content\/uploads\/2020\/08\/julbo_rush.jpg 700w\" sizes=\"(max-width: 300px) 100vw, 300px\" \/><\/p>\n<p style=\"text-align: center;\">\n<p style=\"text-align: center;\">Coup de balais sur la bagagerie SCICON, housses de roues simples ou doubles \u00e0 <span style=\"color: #ff0000;\"><strong>-50%<\/strong><\/span> !!!<\/p>\n<p style=\"text-align: center;\">Profitez en !!!<\/p>\n<p style=\"text-align: center;\"><img loading=\"lazy\" class=\" wp-image-317 alignright\" src=\"http:\/\/www.coolaltitude-cycles.com\/wp-content\/uploads\/2018\/05\/double-wheelbag.jpg\" alt=\"\" width=\"248\" height=\"248\" srcset=\"https:\/\/www.coolaltitude-cycles.com\/wp-content\/uploads\/2018\/05\/double-wheelbag.jpg 296w, https:\/\/www.coolaltitude-cycles.com\/wp-content\/uploads\/2018\/05\/double-wheelbag-150x150.jpg 150w\" sizes=\"(max-width: 248px) 100vw, 248px\" \/>Housse de roues simple 29\u20ac remis\u00e9 \u00e0<span style=\"color: #ff0000;\"> <strong>14\u20ac50<\/strong><\/span><\/p>\n<p style=\"text-align: center;\">Housse de roues simple renforc\u00e9e 69\u20ac remis\u00e9 \u00e0 <span style=\"color: #ff0000;\"><strong>34\u20ac50<\/strong><\/span><\/p>\n<p style=\"text-align: center;\">Housse de roues double 69\u20ac remis\u00e9 \u00e0 <span style=\"color: #ff0000;\"><strong>34\u20ac50<\/strong><\/span><\/p>\n<p style=\"text-align: center;\">Housse de roues double renforc\u00e9e 102\u20ac remis\u00e9 \u00e0 <span style=\"color: #ff0000;\"><strong>51\u20ac<\/strong><\/span><\/p>\n<p style=\"text-align: center;\"><span style=\"color: #ff0000;\"><strong>\u00a0<\/strong><\/span><\/p>\n","protected":false},"excerpt":{"rendered":"<p>Ici vous trouverez les promos, les op\u00e9rations sp\u00e9ciales, profitez en !!! Vous trouverez aussi quelques accessoires et \u00e9quipements \u00e0 prix tr\u00e8s int\u00e9ressant. VAE STEVENS E-LAVENA PT5 lady taille 54 Batterie powertube 500Wh moteur 65Nm BOSCH G3 Performance Line Cruise Prix 3649\u20ac en d\u00e9stockage \u00e0 2690\u20ac PROMO sur les lunettes JULBO en stock magasin -30% !!! [&hellip;]<\/p>\n","protected":false},"author":1,"featured_media":0,"parent":0,"menu_order":5,"comment_status":"closed","ping_status":"closed","template":"","meta":[],"_links":{"self":[{"href":"https:\/\/www.coolaltitude-cycles.com\/index.php\/wp-json\/wp\/v2\/pages\/115"}],"collection":[{"href":"https:\/\/www.coolaltitude-cycles.com\/index.php\/wp-json\/wp\/v2\/pages"}],"about":[{"href":"https:\/\/www.coolaltitude-cycles.com\/index.php\/wp-json\/wp\/v2\/types\/page"}],"author":[{"embeddable":true,"href":"https:\/\/www.coolaltitude-cycles.com\/index.php\/wp-json\/wp\/v2\/users\/1"}],"replies":[{"embeddable":true,"href":"https:\/\/www.coolaltitude-cycles.com\/index.php\/wp-json\/wp\/v2\/comments?post=115"}],"version-history":[{"count":59,"href":"https:\/\/www.coolaltitude-cycles.com\/index.php\/wp-json\/wp\/v2\/pages\/115\/revisions"}],"predecessor-version":[{"id":768,"href":"https:\/\/www.coolaltitude-cycles.com\/index.php\/wp-json\/wp\/v2\/pages\/115\/revisions\/768"}],"wp:attachment":[{"href":"https:\/\/www.coolaltitude-cycles.com\/index.php\/wp-json\/wp\/v2\/media?parent=115"}],"curies":[{"name":"wp","href":"https:\/\/api.w.org\/{rel}","templated":true}]}}