{"id":16,"date":"2016-02-21T10:52:05","date_gmt":"2016-02-21T09:52:05","guid":{"rendered":"http:\/\/www.coolaltitude-cycles.com\/v2\/?page_id=16"},"modified":"2020-08-13T15:18:22","modified_gmt":"2020-08-13T14:18:22","slug":"accueil","status":"publish","type":"page","link":"https:\/\/www.coolaltitude-cycles.com\/index.php\/accueil\/","title":{"rendered":"Accueil \u00e0 la boutique"},"content":{"rendered":"<p>Nous vous accueillerons avec plaisir les mardi, jeudi, vendredi apr\u00e8s-midi de 14h30 \u00e0 19h00 et samedi de 14h30 \u00e0 18h00. Nous sommes \u00e9galement \u00e0 votre disposition 7jrs\/7jrs de 8h00 \u00e0 21h00 sur rdv afin de vous offrir un service personnalis\u00e9.<\/p>\n<p><img loading=\"lazy\" class=\"wp-image-50 alignleft\" src=\"https:\/\/www.coolaltitude-cycles.com\/wp-content\/uploads\/2016\/02\/exterieur_boutique-300x224.jpg\" alt=\"exterieur_boutique\" width=\"214\" height=\"160\" srcset=\"https:\/\/www.coolaltitude-cycles.com\/wp-content\/uploads\/2016\/02\/exterieur_boutique-300x224.jpg 300w, https:\/\/www.coolaltitude-cycles.com\/wp-content\/uploads\/2016\/02\/exterieur_boutique-768x575.jpg 768w, https:\/\/www.coolaltitude-cycles.com\/wp-content\/uploads\/2016\/02\/exterieur_boutique-1024x766.jpg 1024w\" sizes=\"(max-width: 214px) 100vw, 214px\" \/><img loading=\"lazy\" class=\"wp-image-51 alignright\" src=\"https:\/\/www.coolaltitude-cycles.com\/wp-content\/uploads\/2016\/02\/P1010187-300x225.jpg\" alt=\"P1010187\" width=\"211\" height=\"158\" srcset=\"https:\/\/www.coolaltitude-cycles.com\/wp-content\/uploads\/2016\/02\/P1010187-300x225.jpg 300w, https:\/\/www.coolaltitude-cycles.com\/wp-content\/uploads\/2016\/02\/P1010187-768x576.jpg 768w, https:\/\/www.coolaltitude-cycles.com\/wp-content\/uploads\/2016\/02\/P1010187-1024x768.jpg 1024w\" sizes=\"(max-width: 211px) 100vw, 211px\" \/><\/p>\n<p style=\"text-align: center;\">76 route des l\u00e9gers 73100 Le Montcel<\/p>\n<p style=\"text-align: center;\">04 79 88 49 60 \/ 06 86 88 60 16<\/p>\n<p style=\"text-align: center;\"><a href=\"mailto:franck.blanc2@wanadoo.fr\">franck.blanc2@wanadoo.fr<\/a><\/p>\n<p style=\"text-align: center;\">Nous localiser sur <a href=\"https:\/\/www.google.fr\/maps\/place\/45%C2%B043'52.3%22N+5%C2%B058'19.3%22E\/@45.7311919,5.9709267,246m\/data=!3m2!1e3!4b1!4m2!3m1!1s0x0:0x0?hl=fr\">google map<\/a>.<\/p>\n<p>&nbsp;<\/p>\n","protected":false},"excerpt":{"rendered":"<p>Nous vous accueillerons avec plaisir les mardi, jeudi, vendredi apr\u00e8s-midi de 14h30 \u00e0 19h00 et samedi de 14h30 \u00e0 18h00. Nous sommes \u00e9galement \u00e0 votre disposition 7jrs\/7jrs de 8h00 \u00e0 21h00 sur rdv afin de vous offrir un service personnalis\u00e9. 76 route des l\u00e9gers 73100 Le Montcel 04 79 88 49 60 \/ 06 86 [&hellip;]<\/p>\n","protected":false},"author":1,"featured_media":0,"parent":0,"menu_order":1,"comment_status":"closed","ping_status":"closed","template":"","meta":[],"_links":{"self":[{"href":"https:\/\/www.coolaltitude-cycles.com\/index.php\/wp-json\/wp\/v2\/pages\/16"}],"collection":[{"href":"https:\/\/www.coolaltitude-cycles.com\/index.php\/wp-json\/wp\/v2\/pages"}],"about":[{"href":"https:\/\/www.coolaltitude-cycles.com\/index.php\/wp-json\/wp\/v2\/types\/page"}],"author":[{"embeddable":true,"href":"https:\/\/www.coolaltitude-cycles.com\/index.php\/wp-json\/wp\/v2\/users\/1"}],"replies":[{"embeddable":true,"href":"https:\/\/www.coolaltitude-cycles.com\/index.php\/wp-json\/wp\/v2\/comments?post=16"}],"version-history":[{"count":12,"href":"https:\/\/www.coolaltitude-cycles.com\/index.php\/wp-json\/wp\/v2\/pages\/16\/revisions"}],"predecessor-version":[{"id":689,"href":"https:\/\/www.coolaltitude-cycles.com\/index.php\/wp-json\/wp\/v2\/pages\/16\/revisions\/689"}],"wp:attachment":[{"href":"https:\/\/www.coolaltitude-cycles.com\/index.php\/wp-json\/wp\/v2\/media?parent=16"}],"curies":[{"name":"wp","href":"https:\/\/api.w.org\/{rel}","templated":true}]}}