{"id":18,"date":"2019-02-21T10:52:49","date_gmt":"2019-02-21T09:52:49","guid":{"rendered":"http:\/\/www.coolaltitude-cycles.com\/v2\/?page_id=18"},"modified":"2025-05-19T20:55:09","modified_gmt":"2025-05-19T19:55:09","slug":"velos-et-equipements-velos","status":"publish","type":"page","link":"https:\/\/www.coolaltitude-cycles.com\/index.php\/velos-et-equipements-velos\/","title":{"rendered":"V\u00c9LOS et \u00c9QUIPEMENTS du CYCLISTE"},"content":{"rendered":"<p>Une s\u00e9lection de produits de qualit\u00e9 et de prestations qui vont du v\u00e9lo complet au montage de roues artisanales pour r\u00e9pondre le mieux possible \u00e0 vos attentes. Nos v\u00e9los sont au service de vos sensations&#8230; Tous ces articles ont \u00e9t\u00e9 choisis parce que le v\u00e9lo est notre passion en plus d\u2019\u00eatre notre m\u00e9tier.<\/p>\n<p>Afin d\u2019\u00eatre s\u00fbr de vous procurer un v\u00e9lo qui vous corresponde je vous propose une gamme de v\u00e9lo pr\u00e9sentant des g\u00e9om\u00e9tries et des caract\u00e9ristiques permettant de faire face \u00e0 vos diff\u00e9rentes utilisations et \u00e0 vos diff\u00e9rents morpho-types.<\/p>\n<p>Chez les constructeurs classiques, <strong>STEVENS <a href=\"https:\/\/www.stevensbikes.de\/2022\/\">https:\/\/www.stevensbikes.de\/2022\/<\/a><\/strong> , <strong>RIDLEY<\/strong> <a href=\"https:\/\/www.ridley-bikes.com\/fr\/fr\" target=\"_blank\" rel=\"noopener noreferrer\">https:\/\/www.ridley-bikes.com\/fr\/fr<\/a> .<\/p>\n<p>Et pour ceux qui veulent un v\u00e9lo diff\u00e9rent et\/ ou sur mesure, je vous propose des solutions en collaboration avec des cadreurs artisanaux, <strong>Grade 9 Titanium Bikes<\/strong>,<strong>\u00a0<\/strong><a href=\"http:\/\/www.grade9.fr\" target=\"_blank\" rel=\"noopener noreferrer\">http:\/\/www.grade9.fr<\/a> pour le titane et <strong>CASATI<\/strong> <a href=\"http:\/\/casati-online.businesscatalyst.com\/\" target=\"_blank\" rel=\"noopener noreferrer\">http:\/\/casati-online.businesscatalyst.com\/<\/a> pour le carbone et l&rsquo;acier.<\/p>\n<p><img loading=\"lazy\" class=\"size-medium wp-image-760 alignright\" src=\"http:\/\/www.coolaltitude-cycles.com\/wp-content\/uploads\/2022\/08\/prestige_22_56_petrol_blue_my22-300x166.jpg\" alt=\"\" width=\"300\" height=\"166\" srcset=\"https:\/\/www.coolaltitude-cycles.com\/wp-content\/uploads\/2022\/08\/prestige_22_56_petrol_blue_my22-300x166.jpg 300w, https:\/\/www.coolaltitude-cycles.com\/wp-content\/uploads\/2022\/08\/prestige_22_56_petrol_blue_my22-1024x566.jpg 1024w, https:\/\/www.coolaltitude-cycles.com\/wp-content\/uploads\/2022\/08\/prestige_22_56_petrol_blue_my22-768x425.jpg 768w, https:\/\/www.coolaltitude-cycles.com\/wp-content\/uploads\/2022\/08\/prestige_22_56_petrol_blue_my22-1536x850.jpg 1536w, https:\/\/www.coolaltitude-cycles.com\/wp-content\/uploads\/2022\/08\/prestige_22_56_petrol_blue_my22-2048x1133.jpg 2048w\" sizes=\"(max-width: 300px) 100vw, 300px\" \/><\/p>\n<p><img loading=\"lazy\" class=\"alignnone size-medium wp-image-755\" src=\"http:\/\/www.coolaltitude-cycles.com\/wp-content\/uploads\/2022\/05\/e-lavena_pt5_gent_22_55_stealth_black_my22-300x179.jpg\" alt=\"\" width=\"300\" height=\"179\" srcset=\"https:\/\/www.coolaltitude-cycles.com\/wp-content\/uploads\/2022\/05\/e-lavena_pt5_gent_22_55_stealth_black_my22-300x179.jpg 300w, https:\/\/www.coolaltitude-cycles.com\/wp-content\/uploads\/2022\/05\/e-lavena_pt5_gent_22_55_stealth_black_my22-768x458.jpg 768w, https:\/\/www.coolaltitude-cycles.com\/wp-content\/uploads\/2022\/05\/e-lavena_pt5_gent_22_55_stealth_black_my22-570x342.jpg 570w, https:\/\/www.coolaltitude-cycles.com\/wp-content\/uploads\/2022\/05\/e-lavena_pt5_gent_22_55_stealth_black_my22.jpg 838w\" sizes=\"(max-width: 300px) 100vw, 300px\" \/> <img loading=\"lazy\" class=\"size-medium wp-image-733 alignright\" src=\"http:\/\/www.coolaltitude-cycles.com\/wp-content\/uploads\/2021\/07\/fam_Noah_image_1024x-300x200.png\" alt=\"\" width=\"300\" height=\"200\" srcset=\"https:\/\/www.coolaltitude-cycles.com\/wp-content\/uploads\/2021\/07\/fam_Noah_image_1024x-300x200.png 300w, https:\/\/www.coolaltitude-cycles.com\/wp-content\/uploads\/2021\/07\/fam_Noah_image_1024x-768x512.png 768w, https:\/\/www.coolaltitude-cycles.com\/wp-content\/uploads\/2021\/07\/fam_Noah_image_1024x-570x380.png 570w, https:\/\/www.coolaltitude-cycles.com\/wp-content\/uploads\/2021\/07\/fam_Noah_image_1024x-380x254.png 380w, https:\/\/www.coolaltitude-cycles.com\/wp-content\/uploads\/2021\/07\/fam_Noah_image_1024x-285x190.png 285w, https:\/\/www.coolaltitude-cycles.com\/wp-content\/uploads\/2021\/07\/fam_Noah_image_1024x.png 1024w\" sizes=\"(max-width: 300px) 100vw, 300px\" \/> <img loading=\"lazy\" class=\"alignnone size-medium wp-image-734\" src=\"http:\/\/www.coolaltitude-cycles.com\/wp-content\/uploads\/2021\/07\/SBIHXDRID032_image_400x-300x200.jpg\" alt=\"\" width=\"300\" height=\"200\" srcset=\"https:\/\/www.coolaltitude-cycles.com\/wp-content\/uploads\/2021\/07\/SBIHXDRID032_image_400x-300x200.jpg 300w, https:\/\/www.coolaltitude-cycles.com\/wp-content\/uploads\/2021\/07\/SBIHXDRID032_image_400x-380x254.jpg 380w, https:\/\/www.coolaltitude-cycles.com\/wp-content\/uploads\/2021\/07\/SBIHXDRID032_image_400x-285x190.jpg 285w, https:\/\/www.coolaltitude-cycles.com\/wp-content\/uploads\/2021\/07\/SBIHXDRID032_image_400x.jpg 400w\" sizes=\"(max-width: 300px) 100vw, 300px\" \/><\/p>\n<p><img loading=\"lazy\" class=\"size-medium wp-image-353 aligncenter\" src=\"http:\/\/www.coolaltitude-cycles.com\/wp-content\/uploads\/2018\/11\/noir_rouge_italien-300x225.jpg\" alt=\"\" width=\"300\" height=\"225\" srcset=\"https:\/\/www.coolaltitude-cycles.com\/wp-content\/uploads\/2018\/11\/noir_rouge_italien-300x225.jpg 300w, https:\/\/www.coolaltitude-cycles.com\/wp-content\/uploads\/2018\/11\/noir_rouge_italien-768x576.jpg 768w, https:\/\/www.coolaltitude-cycles.com\/wp-content\/uploads\/2018\/11\/noir_rouge_italien.jpg 800w\" sizes=\"(max-width: 300px) 100vw, 300px\" \/><img loading=\"lazy\" class=\" wp-image-44 alignnone\" src=\"http:\/\/www.coolaltitude-cycles.com\/wp-content\/uploads\/2016\/02\/Cadre-titane-Grade9-R-300x193.jpg\" alt=\"Cadre-titane-Grade9-R\" width=\"385\" height=\"248\" srcset=\"https:\/\/www.coolaltitude-cycles.com\/wp-content\/uploads\/2016\/02\/Cadre-titane-Grade9-R-300x193.jpg 300w, https:\/\/www.coolaltitude-cycles.com\/wp-content\/uploads\/2016\/02\/Cadre-titane-Grade9-R-768x494.jpg 768w, https:\/\/www.coolaltitude-cycles.com\/wp-content\/uploads\/2016\/02\/Cadre-titane-Grade9-R.jpg 800w\" sizes=\"(max-width: 385px) 100vw, 385px\" \/><\/p>\n<p>Pour \u00e9quiper votre v\u00e9lo les selles PROLOGO, ISM, SMP, les p\u00e9dales speedplay&#8230;<\/p>\n<p>Et pour votre \u00e9quipement les v\u00eatements, CASTELLI, les casques KASK, CASCO, les chaussures LAKE &#8230;<\/p>\n<p><img loading=\"lazy\" class=\"size-medium wp-image-774 aligncenter\" src=\"http:\/\/www.coolaltitude-cycles.com\/wp-content\/uploads\/2025\/05\/mojito_cube_2021-Copie-300x300.jpg\" alt=\"\" width=\"300\" height=\"300\" srcset=\"https:\/\/www.coolaltitude-cycles.com\/wp-content\/uploads\/2025\/05\/mojito_cube_2021-Copie-300x300.jpg 300w, https:\/\/www.coolaltitude-cycles.com\/wp-content\/uploads\/2025\/05\/mojito_cube_2021-Copie-150x150.jpg 150w, https:\/\/www.coolaltitude-cycles.com\/wp-content\/uploads\/2025\/05\/mojito_cube_2021-Copie.jpg 600w\" sizes=\"(max-width: 300px) 100vw, 300px\" \/><\/p>\n","protected":false},"excerpt":{"rendered":"<p>Une s\u00e9lection de produits de qualit\u00e9 et de prestations qui vont du v\u00e9lo complet au montage de roues artisanales pour r\u00e9pondre le mieux possible \u00e0 vos attentes. Nos v\u00e9los sont au service de vos sensations&#8230; Tous ces articles ont \u00e9t\u00e9 choisis parce que le v\u00e9lo est notre passion en plus d\u2019\u00eatre notre m\u00e9tier. Afin d\u2019\u00eatre [&hellip;]<\/p>\n","protected":false},"author":1,"featured_media":0,"parent":0,"menu_order":2,"comment_status":"closed","ping_status":"closed","template":"","meta":[],"_links":{"self":[{"href":"https:\/\/www.coolaltitude-cycles.com\/index.php\/wp-json\/wp\/v2\/pages\/18"}],"collection":[{"href":"https:\/\/www.coolaltitude-cycles.com\/index.php\/wp-json\/wp\/v2\/pages"}],"about":[{"href":"https:\/\/www.coolaltitude-cycles.com\/index.php\/wp-json\/wp\/v2\/types\/page"}],"author":[{"embeddable":true,"href":"https:\/\/www.coolaltitude-cycles.com\/index.php\/wp-json\/wp\/v2\/users\/1"}],"replies":[{"embeddable":true,"href":"https:\/\/www.coolaltitude-cycles.com\/index.php\/wp-json\/wp\/v2\/comments?post=18"}],"version-history":[{"count":26,"href":"https:\/\/www.coolaltitude-cycles.com\/index.php\/wp-json\/wp\/v2\/pages\/18\/revisions"}],"predecessor-version":[{"id":775,"href":"https:\/\/www.coolaltitude-cycles.com\/index.php\/wp-json\/wp\/v2\/pages\/18\/revisions\/775"}],"wp:attachment":[{"href":"https:\/\/www.coolaltitude-cycles.com\/index.php\/wp-json\/wp\/v2\/media?parent=18"}],"curies":[{"name":"wp","href":"https:\/\/api.w.org\/{rel}","templated":true}]}}