{"id":388,"date":"2019-11-26T12:24:57","date_gmt":"2019-11-26T11:24:57","guid":{"rendered":"http:\/\/www.coolaltitude-cycles.com\/?page_id=388"},"modified":"2024-05-24T17:53:05","modified_gmt":"2024-05-24T16:53:05","slug":"encadrement-vtt-montagne-ete-hiver-coaching","status":"publish","type":"page","link":"https:\/\/www.coolaltitude-cycles.com\/index.php\/encadrement-vtt-montagne-ete-hiver-coaching\/","title":{"rendered":"ENCADREMENT VTT, MONTAGNE \u00e9t\u00e9\/hiver, COACHING"},"content":{"rendered":"<h4 style=\"text-align: center;\"><span style=\"color: #99cc00;\">COOL ALTITUDE<\/span> c&rsquo;est aussi de l&rsquo;encadrement pour vos activit\u00e9s sportives.<\/h4>\n<h4 style=\"text-align: center;\"><span class=\"contenu_descriptif\">Randonn\u00e9e \u00e9t\u00e9\/hiver, V\u00e9lo\/VTT, nordic walking, raquettes pour d\u00e9couvrir tous les aspects de la montagne.<\/span><\/h4>\n<p><img loading=\"lazy\" class=\"wp-image-413 aligncenter\" src=\"http:\/\/www.coolaltitude-cycles.com\/wp-content\/uploads\/2019\/11\/sommet_marg\u00e9riaz-300x224.jpg\" alt=\"\" width=\"277\" height=\"207\" srcset=\"https:\/\/www.coolaltitude-cycles.com\/wp-content\/uploads\/2019\/11\/sommet_marg\u00e9riaz-300x224.jpg 300w, https:\/\/www.coolaltitude-cycles.com\/wp-content\/uploads\/2019\/11\/sommet_marg\u00e9riaz-768x575.jpg 768w, https:\/\/www.coolaltitude-cycles.com\/wp-content\/uploads\/2019\/11\/sommet_marg\u00e9riaz-1024x766.jpg 1024w\" sizes=\"(max-width: 277px) 100vw, 277px\" \/><\/p>\n<h4><img loading=\"lazy\" class=\" wp-image-430 aligncenter\" src=\"http:\/\/www.coolaltitude-cycles.com\/wp-content\/uploads\/2019\/11\/20150207_154058-e1574956827809-180x300.jpg\" alt=\"\" width=\"212\" height=\"353\" srcset=\"https:\/\/www.coolaltitude-cycles.com\/wp-content\/uploads\/2019\/11\/20150207_154058-e1574956827809-180x300.jpg 180w, https:\/\/www.coolaltitude-cycles.com\/wp-content\/uploads\/2019\/11\/20150207_154058-e1574956827809-768x1280.jpg 768w, https:\/\/www.coolaltitude-cycles.com\/wp-content\/uploads\/2019\/11\/20150207_154058-e1574956827809-614x1024.jpg 614w, https:\/\/www.coolaltitude-cycles.com\/wp-content\/uploads\/2019\/11\/20150207_154058-e1574956827809.jpg 1536w\" sizes=\"(max-width: 212px) 100vw, 212px\" \/><\/h4>\n<h4 style=\"text-align: center;\">Coaching sportif, de la remise en forme \u00e0 la recherche de performance<\/h4>\n<p><img loading=\"lazy\" class=\"aligncenter  wp-image-419\" src=\"http:\/\/www.coolaltitude-cycles.com\/wp-content\/uploads\/2019\/11\/Marine_cap2-300x229.png\" alt=\"\" width=\"224\" height=\"171\" srcset=\"https:\/\/www.coolaltitude-cycles.com\/wp-content\/uploads\/2019\/11\/Marine_cap2-300x229.png 300w, https:\/\/www.coolaltitude-cycles.com\/wp-content\/uploads\/2019\/11\/Marine_cap2.png 548w\" sizes=\"(max-width: 224px) 100vw, 224px\" \/><\/p>\n<h4 style=\"text-align: center;\"><span class=\"contenu_descriptif\">Des professionnels dipl\u00f4m\u00e9s d&rsquo;\u00e9tat \u00e0 votre disposition<\/span><\/h4>\n<h4 style=\"text-align: center;\"><span class=\"contenu_descriptif\">N&rsquo;h\u00e9sitez pas \u00e0 me contacter si vous souhaitez des informations sur les sorties et les tarifs. <\/span><\/h4>\n<h4 style=\"text-align: center;\"><span class=\"contenu_descriptif\">Mail: <\/span><a href=\"mailto:franck.blanc2@wanadoo.fr\">franck.blanc2@wanadoo.fr<\/a> ou tel:06-86-88-60-16<\/h4>\n","protected":false},"excerpt":{"rendered":"<p>COOL ALTITUDE c&rsquo;est aussi de l&rsquo;encadrement pour vos activit\u00e9s sportives. Randonn\u00e9e \u00e9t\u00e9\/hiver, V\u00e9lo\/VTT, nordic walking, raquettes pour d\u00e9couvrir tous les aspects de la montagne. Coaching sportif, de la remise en forme \u00e0 la recherche de performance Des professionnels dipl\u00f4m\u00e9s d&rsquo;\u00e9tat \u00e0 votre disposition N&rsquo;h\u00e9sitez pas \u00e0 me contacter si vous souhaitez des informations sur les [&hellip;]<\/p>\n","protected":false},"author":1,"featured_media":0,"parent":0,"menu_order":3,"comment_status":"closed","ping_status":"closed","template":"","meta":[],"_links":{"self":[{"href":"https:\/\/www.coolaltitude-cycles.com\/index.php\/wp-json\/wp\/v2\/pages\/388"}],"collection":[{"href":"https:\/\/www.coolaltitude-cycles.com\/index.php\/wp-json\/wp\/v2\/pages"}],"about":[{"href":"https:\/\/www.coolaltitude-cycles.com\/index.php\/wp-json\/wp\/v2\/types\/page"}],"author":[{"embeddable":true,"href":"https:\/\/www.coolaltitude-cycles.com\/index.php\/wp-json\/wp\/v2\/users\/1"}],"replies":[{"embeddable":true,"href":"https:\/\/www.coolaltitude-cycles.com\/index.php\/wp-json\/wp\/v2\/comments?post=388"}],"version-history":[{"count":14,"href":"https:\/\/www.coolaltitude-cycles.com\/index.php\/wp-json\/wp\/v2\/pages\/388\/revisions"}],"predecessor-version":[{"id":771,"href":"https:\/\/www.coolaltitude-cycles.com\/index.php\/wp-json\/wp\/v2\/pages\/388\/revisions\/771"}],"wp:attachment":[{"href":"https:\/\/www.coolaltitude-cycles.com\/index.php\/wp-json\/wp\/v2\/media?parent=388"}],"curies":[{"name":"wp","href":"https:\/\/api.w.org\/{rel}","templated":true}]}}